{"id":12,"date":"2018-06-18T21:19:13","date_gmt":"2018-06-18T19:19:13","guid":{"rendered":"http:\/\/stephanrumpf.de\/?page_id=12"},"modified":"2021-01-20T18:08:26","modified_gmt":"2021-01-20T16:08:26","slug":"kontakt","status":"publish","type":"page","link":"https:\/\/stephanrumpf.de\/?page_id=12","title":{"rendered":"Kontakt"},"content":{"rendered":"<div class=\"two-columns-one\">\n<h4>Lebenslauf<\/h4>\n<p>Ich bin geboren am 19.08.1968, am Geburtstag der Fotografie<br \/>\n(19.08.1839 in Paris)<br \/>\nfotografiere seit \u00fcber 25 Jahren Portraits und Reportagen f\u00fcr gro\u00dfe Zeitungen, u.a. S\u00fcddeutsche Zeitung und f\u00fcr diverse Magazine\/Kunden<br \/>\nIch lebe mit meiner Frau und unseren beiden Kindern (12\/9) in M\u00fcnchen.<\/p>\n<h4>Rufen Sie an&#8230;<\/h4>\n<p>oder schreiben Sie mir.<br \/>\nGerne mache ich ihnen ein Angebot.<\/p>\n<h4>Respect copyright<\/h4>\n<p>or lose many karma-points<\/p>\n<\/div>\n<div class=\"two-columns-one last\">\n<h4>Kontakt<\/h4>\n<p>Stephan Rumpf<br \/>\nJahnstr. 20<br \/>\n80469 M\u00fcnchen<br \/>\nTel. +49.172.8632421<\/p>\n<p><a style=\"font-size: 95%;\" href=\"mailto:stephan.rumpf@muenchen-mail.de\">stephan.rumpf@muenchen-mail.de<\/a><\/p>\n<h4><a href=\"http:\/\/stephanrumpf.de\/?page_id=307\">Datenschutzerkl\u00e4rung<\/a><\/h4>\n<h4><a href=\"http:\/\/stephanrumpf.de\/?page_id=388\">Impressum<\/a><\/h4>\n<\/div>\n<p>&nbsp;<\/p>\n<div><a href=\"http:\/\/stephanrumpf.de\/wp-a253b-content\/uploads\/2018\/09\/portrait24815.jpg\"><img loading=\"lazy\" decoding=\"async\" class=\"wp-image-227 size-medium\" src=\"http:\/\/stephanrumpf.de\/wp-a253b-content\/uploads\/2018\/09\/portrait24815-200x300.jpg\" alt=\"\" width=\"200\" height=\"300\" srcset=\"https:\/\/stephanrumpf.de\/wp-a253b-content\/uploads\/2018\/09\/portrait24815-200x300.jpg 200w, https:\/\/stephanrumpf.de\/wp-a253b-content\/uploads\/2018\/09\/portrait24815-768x1154.jpg 768w, https:\/\/stephanrumpf.de\/wp-a253b-content\/uploads\/2018\/09\/portrait24815-681x1024.jpg 681w\" sizes=\"auto, (max-width: 200px) 100vw, 200px\" \/><\/a><\/div>\n","protected":false},"excerpt":{"rendered":"<p>&nbsp;<\/p>\n","protected":false},"author":1,"featured_media":0,"parent":0,"menu_order":0,"comment_status":"closed","ping_status":"closed","template":"page-templates\/about-page.php","meta":{"footnotes":""},"class_list":["post-12","page","type-page","status-publish","hentry"],"_links":{"self":[{"href":"https:\/\/stephanrumpf.de\/index.php?rest_route=\/wp\/v2\/pages\/12","targetHints":{"allow":["GET"]}}],"collection":[{"href":"https:\/\/stephanrumpf.de\/index.php?rest_route=\/wp\/v2\/pages"}],"about":[{"href":"https:\/\/stephanrumpf.de\/index.php?rest_route=\/wp\/v2\/types\/page"}],"author":[{"embeddable":true,"href":"https:\/\/stephanrumpf.de\/index.php?rest_route=\/wp\/v2\/users\/1"}],"replies":[{"embeddable":true,"href":"https:\/\/stephanrumpf.de\/index.php?rest_route=%2Fwp%2Fv2%2Fcomments&post=12"}],"version-history":[{"count":36,"href":"https:\/\/stephanrumpf.de\/index.php?rest_route=\/wp\/v2\/pages\/12\/revisions"}],"predecessor-version":[{"id":404,"href":"https:\/\/stephanrumpf.de\/index.php?rest_route=\/wp\/v2\/pages\/12\/revisions\/404"}],"wp:attachment":[{"href":"https:\/\/stephanrumpf.de\/index.php?rest_route=%2Fwp%2Fv2%2Fmedia&parent=12"}],"curies":[{"name":"wp","href":"https:\/\/api.w.org\/{rel}","templated":true}]}}